{"id":188,"date":"2024-04-09T08:37:30","date_gmt":"2024-04-09T08:37:30","guid":{"rendered":"https:\/\/www.inkasset.com\/privacy-policy\/"},"modified":"2024-04-11T14:12:31","modified_gmt":"2024-04-11T14:12:31","slug":"datenschutzrichtlinie","status":"publish","type":"page","link":"https:\/\/www.inkasset.com\/de\/datenschutzrichtlinie\/","title":{"rendered":"Datenschutzrichtlinie"},"content":{"rendered":"<h2>1. Allgemeine Informationen<\/h2>\n<p>Diese Datenschutzrichtlinie (im Folgenden: die Richtlinie) beschreibt, welche Ihrer personenbezogenen Daten wir erheben, wie wir sie verarbeiten und f\u00fcr welche Zwecke wir sie verwenden, sowie Ihre Rechte im Zusammenhang mit Ihren Daten.<\/p>\n<p>Bozidara Magovca 161, 10020, Zagreb Kroatien, <a href=\"mailto:info@inkasset.com\">info@inkasset.com<\/a> verarbeitet personenbezogene Daten von Nutzern seiner Dienste und Besuchern der Website <a href=\" https:\/\/www.inkasset.com\/de\/\">www.inkasset.com<\/a> gem\u00e4\u00df den geltenden Vorschriften zum Schutz personenbezogener Daten (Datenschutz-Grundverordnung 2016\/679).<\/p>\n<p>Wir respektieren Ihre Privatsph\u00e4re und verarbeiten personenbezogene Daten fair und rechtm\u00e4\u00dfig, ausschlie\u00dflich auf der Grundlage g\u00fcltiger Rechtsgrundlagen, d. h. gem\u00e4\u00df Ihrer Einwilligung zur Verarbeitung.<\/p>\n<h2>2. Art und Zweck der Verarbeitung personenbezogener Daten<\/h2>\n<h3>Werbebotschaften<\/h3>\n<p>Der Zugang zur Website <a href=\"https:\/\/www.inkasset.com\/de\/\">www.inkasset.com<\/a> ist kostenlos und erfordert keine Registrierung. Wenn Sie Werbemitteilungen zu unseren Produkten und Dienstleistungen erhalten m\u00f6chten, k\u00f6nnen Sie eine einfache Registrierung Ihrer E-Mail-Adresse im Webformular w\u00e4hlen, ohne dass eine Registrierung erforderlich ist. Sie k\u00f6nnen den Erhalt von Werbenachrichten jederzeit abbestellen, indem Sie die in der erhaltenen Werbenachricht angegebene Abmeldeoption ausw\u00e4hlen.<\/p>\n<h3>Kontakt<\/h3>\n<p>Wenn Sie uns mit Ihren Anfragen kontaktieren, verarbeiten wir die von Ihnen mitgeteilten Daten ausschlie\u00dflich zur Bereitstellung der angeforderten Informationen. Nach Beantwortung Ihrer Anfrage l\u00f6schen wir die \u00fcbermittelten Daten.<\/p>\n<p>Personenbezogene Daten, die zur L\u00f6sung von Produktreklamationen erforderlich sind, werden gem\u00e4\u00df den Vorschriften \u00fcber Verbraucherrechte 12 Monate ab dem Datum des Eingangs gespeichert.<\/p>\n<h2>3. Schutz personenbezogener Daten<\/h2>\n<p>Wir verarbeiten die erhobenen personenbezogenen Daten unter zwingender Anwendung geeigneter rechtlicher, technischer und organisatorischer Sicherheitsma\u00dfnahmen, um eine unbefugte Datenverarbeitung zu verhindern. Der Zugriff auf Ihre personenbezogenen Daten ist nur auf diejenigen Mitarbeiter beschr\u00e4nkt, die diese Informationen zur Erbringung unserer Dienstleistungen ben\u00f6tigen. Wir kl\u00e4ren unsere Mitarbeiter kontinuierlich \u00fcber die Bedeutung der Datenvertraulichkeit und der Wahrung der Privatsph\u00e4re sowie den Schutz Ihrer Daten auf. Wir erfassen nur die Daten, die f\u00fcr die jeweilige Verarbeitung erforderlich sind, und bewahren sie nicht l\u00e4nger auf, als erforderlich oder gesetzlich vorgeschrieben.<\/p>\n<h2>4. Ihre Rechte<\/h2>\n<p>Sie k\u00f6nnen uns jederzeit um Auskunft \u00fcber die Verarbeitung Ihrer personenbezogenen Daten bitten und die Aus\u00fcbung folgender Rechte verlangen:<\/p>\n<ul>\n<li>Recht auf Zugang zu den Sie betreffenden Daten<\/li>\n<li>Korrektur oder Erg\u00e4nzung Ihrer personenbezogenen Daten, damit diese stets korrekt sind<\/li>\n<li>L\u00f6schung personenbezogener Daten (sofern keine berechtigten Gr\u00fcnde f\u00fcr die Datenspeicherung vorliegen)<\/li>\n<li>Einschr\u00e4nkung der Verarbeitung personenbezogener Daten<\/li>\n<li>Widerruf der Einwilligung zur Datenverarbeitung (z. B. zum Erhalt von Werbebotschaften)<\/li>\n<\/ul>\n<p>Wenn Sie glauben, dass eines Ihrer Rechte verletzt wurde, k\u00f6nnen Sie eine Beschwerde bei der Datenschutzbeh\u00f6rde unter folgender Adresse einreichen:<\/p>\n<p>Marti\u0107eva ulica 14, HR \u2013 10 000 Zagreb, E-Mail: <a href=\"mailto:azop@azop.hr\">azop@azop.hr<\/a><\/p>\n<h2>5. Kontakt zum Schutz personenbezogener Daten<\/h2>\n<p>Anfragen, Beschwerden oder Anfragen im Zusammenhang mit der Verarbeitung und dem Schutz personenbezogener Daten k\u00f6nnen an die E-Mail-Adresse <a href=\"mailto:info@inkasset.com\">info@inkasset.com<\/a> gesendet werden<\/p>\n<p>In \u00dcbereinstimmung mit den geltenden gesetzlichen Bestimmungen zum Schutz personenbezogener Daten wird jede Anfrage\/Anfrage so schnell wie m\u00f6glich, sp\u00e4testens jedoch innerhalb von 30 Tagen nach Eingang, bearbeitet. Bei der Kontaktaufnahme und der Einreichung der oben genannten Anfragen werden wir angemessene Anstrengungen unternehmen, um Ihre Identit\u00e4t zu best\u00e4tigen und eine unbefugte Verarbeitung personenbezogener Daten zu verhindern.<\/p>\n<h3>Verantwortlicher f\u00fcr den Schutz personenbezogener Daten<\/h3>\n<ul>\n<li>E-Mail: <a href=\"mailto:info@inkasset.com\">info@inkasset.com<\/a><\/li>\n<\/ul>\n<h2>6. Datenschutzbestimmungen anderer Websites\/Dritter Dritter<\/h2>\n<p>Auf dieser Seite finden Sie m\u00f6glicherweise Links zu anderen Websites oder Portalen. Die Regeln zum Schutz personenbezogener Daten auf diesen Portalen k\u00f6nnen von diesen Regeln abweichen.<\/p>\n<p>Bitte machen Sie sich daher mit den Regeln zum Schutz personenbezogener Daten vertraut, die auf den Seiten eines anderen Portals oder sozialen Netzwerks oder von Dritten gelten.<\/p>\n<p>Im Falle von \u00c4nderungen an dieser Richtlinie werden wir Sie auf dieser Seite benachrichtigen und das \u00c4nderungsdatum der Datenschutzrichtlinie unten wie folgt aktualisieren.<\/p>\n<p>Diese Regeln wurden zuletzt am 9. April 2024 ge\u00e4ndert.<\/p>\n<h2>HTTP-Cookies<\/h2>\n<h3>Nutzungsbedingungen f\u00fcr \u201eCookies\u201c<\/h3>\n<p>Wenn Sie die Website zum ersten Mal nutzen, wird davon ausgegangen, dass Sie mit diesen Bedingungen vollst\u00e4ndig vertraut sind, dass sie Ihnen klar sind und dass Sie sie akzeptieren. Wenn Sie damit nicht einverstanden sind, greifen Sie bitte nicht auf die Website zu und nutzen Sie deren Inhalte nicht. Wenn Sie Fragen oder Unklarheiten bez\u00fcglich der Nutzungsbedingungen haben, wenden Sie sich bitte an unsere E-Mail-Adresse: <a href=\"mailto:info@inkasset.com\">info@inkasset.com<\/a><\/p>\n<p>Wir behalten uns das Recht vor, das Erscheinungsbild und den Inhalt der Website sowie die Stack-Nutzungsbedingungen zu \u00e4ndernBitte \u00fcberpr\u00fcfen Sie sie von Zeit zu Zeit, um sich mit m\u00f6glichen \u00c4nderungen vertraut zu machen. Wir betrachten Ihre sp\u00e4tere Nutzung der Website als Ihr Einverst\u00e4ndnis mit etwaigen \u00c4nderungen.<\/p>\n<h3>Cookies<\/h3>\n<p>Cookies sind kleine Dateien, die auf einem Computer oder Mobilger\u00e4t gespeichert werden, wenn wir eine Website besuchen. Mithilfe von Cookies kann sich die Website die Aktivit\u00e4ten oder Einstellungen des Besuchers von fr\u00fcheren Besuchen \u201emerken\u201c, sodass diese beim n\u00e4chsten Besuch automatisch angewendet werden k\u00f6nnen. Auf diese Weise \u201ewei\u00df\u201c die Website bereits, dass Sie bereits hier waren und passt in manchen F\u00e4llen die Bildschirmdarstellung an. Cookies werden am h\u00e4ufigsten verwendet, um bestimmte Benutzerpr\u00e4ferenzen zu speichern und die Eingabe von Informationen zu erleichtern, die bereits bei fr\u00fcheren Besuchen eingegeben wurden. <a href=\"https:\/\/www.inkasset.com\/de\/\">www.inkasset.com<\/a> verwendet sogenannte Cookies \u2013 eine Reihe von Daten, die gewisserma\u00dfen als Ihre anonyme individuelle Kennung dienen dass die Website diese an Ihren Browser sendet und auf Ihrem Computer speichert. Cookies werden f\u00fcr das Funktionieren aller Website-Funktionen und ein besseres Benutzererlebnis verwendet.<\/p>\n<p>Wir unterteilen Cookies auch in Erstanbieter- und Drittanbieter-Cookies. Erstanbieter-Cookies stammen von der Website, auf der Sie sich gerade befinden, w\u00e4hrend Drittanbieter-Cookies durch Werbung oder externe Dienste anderer Websites entstehen. Erstanbieter-Cookies werden neben der ordnungsgem\u00e4\u00dfen Funktion von Websites auch zur statistischen \u00dcberwachung der Aktivit\u00e4ten auf der Website verwendet. Zu den zu diesem Zweck erhobenen Daten geh\u00f6ren die IP-Adresse des Nutzers, Informationen zum Browser, zur Sprache, zum Betriebssystem sowie weitere statistische Standarddaten, die ausschlie\u00dflich in anonymisierter und massenhafter Form erhoben und ausgewertet werden. Cookies von Drittanbietern werden am h\u00e4ufigsten von Werbenetzwerken verwendet, um das Benutzerverhalten auf verschiedenen Websites zu analysieren. Zweck der Analyse ist die Erstellung von Nutzerprofilen nach demografischen Merkmalen, Interessen usw., die am h\u00e4ufigsten f\u00fcr Werbezwecke genutzt werden<\/p>\n<h3>Wie funktionieren Cookies eigentlich?<\/h3>\n<p>Cookies speichern Informationen in Form von \u201eSchl\u00fcssel\u201c- und \u201eWert\u201c-Paaren in Textdateien.<\/p>\n<p>Beim Zugriff auf die Website identifizieren <a href=\"https:\/\/www.inkasset.com\/de\/\">www.inkasset.com<\/a>-Cookies Browserparameter, nicht jedoch den Nutzer selbst. Kurz gesagt, der Zweck von Cookies ist wohlwollend, sie sind nicht sch\u00e4dlich und k\u00f6nnen keine Viren \u00fcbertragen und erm\u00f6glichen ein besseres Benutzererlebnis beim Surfen.<\/p>\n<p>Wenn Sie mit der Verwendung von Cookies nicht einverstanden sind, k\u00f6nnen Sie diese \u00fcber die Einstellungen des von Ihnen verwendeten Browsers einfach auf Ihrem Computer l\u00f6schen (oder verhindern). Weitere Informationen zur Cookie-Verwaltung finden Sie auf den Seiten des von Ihnen verwendeten Browsers oder unter <a href=\"http:\/\/www.allaboutcookies.org\">www.allaboutcookies.org<\/a>.<\/p>\n<p>Da der Zweck von Cookies darin besteht, die Nutzung unserer Website und ihrer Prozesse im vollen Umfang ihrer Funktionalit\u00e4t zu verbessern und ein bestm\u00f6gliches Benutzererlebnis zu erm\u00f6glichen, weisen wir Sie darauf hin, dass Sie durch das Verhindern oder L\u00f6schen von Cookies m\u00f6glicherweise die Funktionalit\u00e4t von Website-Funktionen deaktivieren oder eine Fehlfunktion verursachen k\u00f6nnen unterschiedliche Bedienung und Darstellung in Ihrem Browser.<\/p>\n<h3>Statistiken<\/h3>\n<p>Die Website <a href=\"https:\/\/www.inkasset.com\/de\/\">www.inkasset.com<\/a> nutzt das Tool Google Analytics zur statistischen \u00dcberwachung der Nutzeraktivit\u00e4ten. Die Benutzeraktivit\u00e4t wird \u00fcberwacht, um das ordnungsgem\u00e4\u00dfe Funktionieren der Website sicherzustellen und mit dem Ziel, die Website und das Benutzererlebnis zu verbessern. Google Analytics erm\u00f6glicht keine Benutzeridentifizierung, verarbeitet jedoch einige Arten privater Daten wie z. B. die IP-Adresse. Dies wird durch Datenaggregation und Anonymisierungstechniken wie IP-Adressmaskierung erreicht.<\/p>\n<p>Detaillierte Informationen zu diesem Dienst und den von ihm verwendeten Cookies sowie zu den M\u00f6glichkeiten f\u00fcr Nutzer, die \u00dcberwachung ihrer eigenen Aktivit\u00e4ten zu regulieren, finden Sie unter: <a href=\"https:\/\/www.google.com\/analytics\/learn \/privacy.html\">https:\/\/www.google.com\/analytics\/learn\/privacy.html<\/a>.<\/p>\n","protected":false},"excerpt":{"rendered":"<p>1. Allgemeine Informationen Diese Datenschutzrichtlinie (im Folgenden: die Richtlinie) beschreibt,&#8230;<\/p>\n","protected":false},"author":2,"featured_media":0,"parent":0,"menu_order":0,"comment_status":"closed","ping_status":"closed","template":"","meta":{"_acf_changed":false,"footnotes":""},"class_list":["post-188","page","type-page","status-publish","hentry"],"acf":[],"yoast_head":"<!-- This site is optimized with the Yoast SEO plugin v22.4 - https:\/\/yoast.com\/wordpress\/plugins\/seo\/ -->\n<title>Datenschutzrichtlinie - INKASSET<\/title>\n<meta name=\"robots\" content=\"index, follow, max-snippet:-1, max-image-preview:large, max-video-preview:-1\" \/>\n<link rel=\"canonical\" href=\"https:\/\/www.inkasset.com\/de\/datenschutzrichtlinie\/\" \/>\n<meta property=\"og:locale\" content=\"de_DE\" \/>\n<meta property=\"og:type\" content=\"article\" \/>\n<meta property=\"og:title\" content=\"Datenschutzrichtlinie - INKASSET\" \/>\n<meta property=\"og:description\" content=\"1. Allgemeine Informationen Diese Datenschutzrichtlinie (im Folgenden: die Richtlinie) beschreibt,...\" \/>\n<meta property=\"og:url\" content=\"https:\/\/www.inkasset.com\/de\/datenschutzrichtlinie\/\" \/>\n<meta property=\"og:site_name\" content=\"INKASSET\" \/>\n<meta property=\"article:modified_time\" content=\"2024-04-11T14:12:31+00:00\" \/>\n<meta property=\"og:image\" content=\"https:\/\/www.inkasset.com\/wp-content\/uploads\/2024\/04\/inkasset-og.png\" \/>\n\t<meta property=\"og:image:width\" content=\"1200\" \/>\n\t<meta property=\"og:image:height\" content=\"675\" \/>\n\t<meta property=\"og:image:type\" content=\"image\/png\" \/>\n<meta name=\"twitter:card\" content=\"summary_large_image\" \/>\n<meta name=\"twitter:label1\" content=\"Gesch\u00e4tzte Lesezeit\" \/>\n\t<meta name=\"twitter:data1\" content=\"6\u00a0Minuten\" \/>\n<script type=\"application\/ld+json\" class=\"yoast-schema-graph\">{\"@context\":\"https:\/\/schema.org\",\"@graph\":[{\"@type\":\"WebPage\",\"@id\":\"https:\/\/www.inkasset.com\/de\/datenschutzrichtlinie\/\",\"url\":\"https:\/\/www.inkasset.com\/de\/datenschutzrichtlinie\/\",\"name\":\"Datenschutzrichtlinie - INKASSET\",\"isPartOf\":{\"@id\":\"https:\/\/www.inkasset.com\/de\/#website\"},\"datePublished\":\"2024-04-09T08:37:30+00:00\",\"dateModified\":\"2024-04-11T14:12:31+00:00\",\"breadcrumb\":{\"@id\":\"https:\/\/www.inkasset.com\/de\/datenschutzrichtlinie\/#breadcrumb\"},\"inLanguage\":\"de\",\"potentialAction\":[{\"@type\":\"ReadAction\",\"target\":[\"https:\/\/www.inkasset.com\/de\/datenschutzrichtlinie\/\"]}]},{\"@type\":\"BreadcrumbList\",\"@id\":\"https:\/\/www.inkasset.com\/de\/datenschutzrichtlinie\/#breadcrumb\",\"itemListElement\":[{\"@type\":\"ListItem\",\"position\":1,\"name\":\"Home\",\"item\":\"https:\/\/www.inkasset.com\/de\/\"},{\"@type\":\"ListItem\",\"position\":2,\"name\":\"Datenschutzrichtlinie\"}]},{\"@type\":\"WebSite\",\"@id\":\"https:\/\/www.inkasset.com\/de\/#website\",\"url\":\"https:\/\/www.inkasset.com\/de\/\",\"name\":\"INKASSET\",\"description\":\"ATM Protection system\",\"publisher\":{\"@id\":\"https:\/\/www.inkasset.com\/de\/#organization\"},\"potentialAction\":[{\"@type\":\"SearchAction\",\"target\":{\"@type\":\"EntryPoint\",\"urlTemplate\":\"https:\/\/www.inkasset.com\/de\/?s={search_term_string}\"},\"query-input\":\"required name=search_term_string\"}],\"inLanguage\":\"de\"},{\"@type\":\"Organization\",\"@id\":\"https:\/\/www.inkasset.com\/de\/#organization\",\"name\":\"INKASSET\",\"url\":\"https:\/\/www.inkasset.com\/de\/\",\"logo\":{\"@type\":\"ImageObject\",\"inLanguage\":\"de\",\"@id\":\"https:\/\/www.inkasset.com\/de\/#\/schema\/logo\/image\/\",\"url\":\"https:\/\/www.inkasset.com\/wp-content\/uploads\/2024\/04\/inkasset_logo.jpg\",\"contentUrl\":\"https:\/\/www.inkasset.com\/wp-content\/uploads\/2024\/04\/inkasset_logo.jpg\",\"width\":579,\"height\":151,\"caption\":\"INKASSET\"},\"image\":{\"@id\":\"https:\/\/www.inkasset.com\/de\/#\/schema\/logo\/image\/\"}}]}<\/script>\n<!-- \/ Yoast SEO plugin. -->","yoast_head_json":{"title":"Datenschutzrichtlinie - INKASSET","robots":{"index":"index","follow":"follow","max-snippet":"max-snippet:-1","max-image-preview":"max-image-preview:large","max-video-preview":"max-video-preview:-1"},"canonical":"https:\/\/www.inkasset.com\/de\/datenschutzrichtlinie\/","og_locale":"de_DE","og_type":"article","og_title":"Datenschutzrichtlinie - INKASSET","og_description":"1. Allgemeine Informationen Diese Datenschutzrichtlinie (im Folgenden: die Richtlinie) beschreibt,...","og_url":"https:\/\/www.inkasset.com\/de\/datenschutzrichtlinie\/","og_site_name":"INKASSET","article_modified_time":"2024-04-11T14:12:31+00:00","og_image":[{"width":1200,"height":675,"url":"https:\/\/www.inkasset.com\/wp-content\/uploads\/2024\/04\/inkasset-og.png","type":"image\/png"}],"twitter_card":"summary_large_image","twitter_misc":{"Gesch\u00e4tzte Lesezeit":"6\u00a0Minuten"},"schema":{"@context":"https:\/\/schema.org","@graph":[{"@type":"WebPage","@id":"https:\/\/www.inkasset.com\/de\/datenschutzrichtlinie\/","url":"https:\/\/www.inkasset.com\/de\/datenschutzrichtlinie\/","name":"Datenschutzrichtlinie - INKASSET","isPartOf":{"@id":"https:\/\/www.inkasset.com\/de\/#website"},"datePublished":"2024-04-09T08:37:30+00:00","dateModified":"2024-04-11T14:12:31+00:00","breadcrumb":{"@id":"https:\/\/www.inkasset.com\/de\/datenschutzrichtlinie\/#breadcrumb"},"inLanguage":"de","potentialAction":[{"@type":"ReadAction","target":["https:\/\/www.inkasset.com\/de\/datenschutzrichtlinie\/"]}]},{"@type":"BreadcrumbList","@id":"https:\/\/www.inkasset.com\/de\/datenschutzrichtlinie\/#breadcrumb","itemListElement":[{"@type":"ListItem","position":1,"name":"Home","item":"https:\/\/www.inkasset.com\/de\/"},{"@type":"ListItem","position":2,"name":"Datenschutzrichtlinie"}]},{"@type":"WebSite","@id":"https:\/\/www.inkasset.com\/de\/#website","url":"https:\/\/www.inkasset.com\/de\/","name":"INKASSET","description":"ATM Protection system","publisher":{"@id":"https:\/\/www.inkasset.com\/de\/#organization"},"potentialAction":[{"@type":"SearchAction","target":{"@type":"EntryPoint","urlTemplate":"https:\/\/www.inkasset.com\/de\/?s={search_term_string}"},"query-input":"required name=search_term_string"}],"inLanguage":"de"},{"@type":"Organization","@id":"https:\/\/www.inkasset.com\/de\/#organization","name":"INKASSET","url":"https:\/\/www.inkasset.com\/de\/","logo":{"@type":"ImageObject","inLanguage":"de","@id":"https:\/\/www.inkasset.com\/de\/#\/schema\/logo\/image\/","url":"https:\/\/www.inkasset.com\/wp-content\/uploads\/2024\/04\/inkasset_logo.jpg","contentUrl":"https:\/\/www.inkasset.com\/wp-content\/uploads\/2024\/04\/inkasset_logo.jpg","width":579,"height":151,"caption":"INKASSET"},"image":{"@id":"https:\/\/www.inkasset.com\/de\/#\/schema\/logo\/image\/"}}]}},"_links":{"self":[{"href":"https:\/\/www.inkasset.com\/de\/wp-json\/wp\/v2\/pages\/188","targetHints":{"allow":["GET"]}}],"collection":[{"href":"https:\/\/www.inkasset.com\/de\/wp-json\/wp\/v2\/pages"}],"about":[{"href":"https:\/\/www.inkasset.com\/de\/wp-json\/wp\/v2\/types\/page"}],"author":[{"embeddable":true,"href":"https:\/\/www.inkasset.com\/de\/wp-json\/wp\/v2\/users\/2"}],"replies":[{"embeddable":true,"href":"https:\/\/www.inkasset.com\/de\/wp-json\/wp\/v2\/comments?post=188"}],"version-history":[{"count":2,"href":"https:\/\/www.inkasset.com\/de\/wp-json\/wp\/v2\/pages\/188\/revisions"}],"predecessor-version":[{"id":198,"href":"https:\/\/www.inkasset.com\/de\/wp-json\/wp\/v2\/pages\/188\/revisions\/198"}],"wp:attachment":[{"href":"https:\/\/www.inkasset.com\/de\/wp-json\/wp\/v2\/media?parent=188"}],"curies":[{"name":"wp","href":"https:\/\/api.w.org\/{rel}","templated":true}]}}