{"id":189,"date":"2024-04-09T08:37:30","date_gmt":"2024-04-09T08:37:30","guid":{"rendered":"https:\/\/www.inkasset.com\/privacy-policy\/"},"modified":"2024-04-11T14:12:11","modified_gmt":"2024-04-11T14:12:11","slug":"politica-sulla-riservatezza","status":"publish","type":"page","link":"https:\/\/www.inkasset.com\/it\/politica-sulla-riservatezza\/","title":{"rendered":"Politica sulla riservatezza"},"content":{"rendered":"<h2>1. Informazioni generali<\/h2>\n<p>La presente Informativa sulla privacy (di seguito: l&#8217;Informativa) descrive quali dei tuoi dati personali raccogliamo, come li trattiamo e per quali scopi li utilizziamo, nonch\u00e9 i tuoi diritti relativi ai tuoi dati.<\/p>\n<p>Bozidara Magovca 161, 10020, Zagabria Croazia, <a href=\"mailto:info@inkasset.com\">info@inkasset.com<\/a> tratta i dati personali degli utenti dei suoi servizi e dei visitatori del sito <a href=\" https:\/\/www.inkasset.com\/it\/\">www.inkasset.com<\/a> in conformit\u00e0 alla normativa vigente in materia di protezione dei dati personali (Regolamento generale sulla protezione dei dati 2016\/679).<\/p>\n<p>Rispettiamo la tua privacy e trattiamo i dati personali in modo corretto e legale, esclusivamente sulla base di validi motivi giuridici, ad es. in conformit\u00e0 al tuo consenso al trattamento.<\/p>\n<h2>2. Modalit\u00e0 e finalit\u00e0 del trattamento dei dati personali<\/h2>\n<h3>Messaggi promozionali<\/h3>\n<p>L&#8217;accesso al sito <a href=\"https:\/\/www.inkasset.com\/it\/\">www.inkasset.com<\/a> \u00e8 gratuito e non richiede registrazione. Se desideri ricevere messaggi promozionali sui nostri prodotti e servizi, puoi scegliere la semplice registrazione del tuo indirizzo e-mail nel modulo web, senza necessit\u00e0 di registrazione. Puoi scegliere di non ricevere messaggi promozionali in qualsiasi momento selezionando l&#8217;opzione di rinuncia fornita nel messaggio promozionale ricevuto.<\/p>\n<h3>Contatto<\/h3>\n<p>Se ci contatti con le tue richieste, trattiamo i dati che ci fornisci esclusivamente per fornirti le informazioni richieste. Dopo aver risposto alla tua domanda, cancelleremo i dati inviati.<\/p>\n<p>I dati personali necessari per risolvere i reclami sui prodotti vengono conservati per 12 mesi dalla data di ricevimento in conformit\u00e0 con la normativa che regola i diritti dei consumatori.<\/p>\n<h2>3. Protezione dei dati personali<\/h2>\n<p>Trattiamo i dati personali raccolti con l\u2019applicazione obbligatoria di adeguate misure di sicurezza legali, tecniche e organizzative per prevenire qualsiasi trattamento non autorizzato dei dati. L&#8217;accesso ai tuoi dati personali \u00e8 limitato solo ai dipendenti che necessitano di queste informazioni per fornire i nostri servizi. Educhiamo continuamente i nostri dipendenti sull&#8217;importanza della riservatezza dei dati, sulla preservazione della privacy e sulla protezione dei vostri dati. Raccogliamo solo i dati necessari per il trattamento in questione e non li conserviamo pi\u00f9 a lungo di quanto necessario o stabilito dalla legge.<\/p>\n<h2>4. I tuoi diritti<\/h2>\n<p>In ogni momento potrai chiederci informazioni sul trattamento dei tuoi dati personali e richiedere l&#8217;esercizio dei seguenti diritti:<\/p>\n<ul>\n<li>diritto di accesso ai dati che ti riguardano<\/li>\n<li>correzione o modifica dei tuoi dati personali in modo che siano sempre corretti<\/li>\n<li>cancellazione dei dati personali (se non sussistono motivi giustificati per la conservazione dei dati)<\/li>\n<li>Limitazione del trattamento dei dati personali<\/li>\n<li>revoca del consenso al trattamento dei dati (ad es. per la ricezione di messaggi promozionali)<\/li>\n<\/ul>\n<p>Se ritieni che sia stato violato un tuo diritto puoi presentare un reclamo al Garante per la Protezione dei Dati Personali al contatto:<\/p>\n<p>Marti\u0107eva ulica 14, HR \u2013 10 000 Zagabria, e-mail: <a href=\"mailto:azop@azop.hr\">azop@azop.hr<\/a><\/p>\n<h2>5. Contatto per la protezione dei dati personali<\/h2>\n<p>Richieste, reclami o quesiti relativi al trattamento e alla protezione dei dati personali possono essere inviati all&#8217;indirizzo e-mail <a href=\"mailto:info@inkasset.com\">info@inkasset.com<\/a><\/p>\n<p>In conformit\u00e0 con le norme legali applicabili in materia di protezione dei dati personali, qualsiasi richiesta\/domanda sar\u00e0 risolta nel pi\u00f9 breve tempo possibile e comunque entro 30 giorni dal ricevimento. Quando contattiamo ed effettuiamo le richieste di cui sopra, faremo ogni ragionevole sforzo per confermare la tua identit\u00e0 e prevenire il trattamento non autorizzato dei dati personali.<\/p>\n<h3>Responsabile della protezione dei dati personali<\/h3>\n<ul>\n<li>e-mail: <a href=\"mailto:info@inkasset.com\">info@inkasset.com<\/a><\/li>\n<\/ul>\n<h2>6. Norme sulla protezione dei dati personali di altri siti web\/terzi di soggetti terzi<\/h2>\n<p>In questa pagina potresti trovare collegamenti ad altri siti web o portali. Le norme sulla protezione dei dati personali presenti su questi portali potrebbero essere diverse dalle presenti Regole.<\/p>\n<p>Si prega pertanto di familiarizzare con le norme sulla protezione dei dati personali applicate sulle pagine di un altro portale o social network o di terzi.<\/p>\n<p>In caso di modifiche alla presente Informativa, ti informeremo su questa pagina e aggiorneremo la data di modifica dell&#8217;informativa sulla privacy di seguito come segue.<\/p>\n<p>Il presente Regolamento \u00e8 stato modificato l&#8217;ultima volta il 9 aprile 2024.<\/p>\n<h2>Cookie HTTP<\/h2>\n<h3>Termini di utilizzo dei &#8220;cookie&#8221;<\/h3>\n<p>Utilizzando il sito web per la prima volta, si considera che tu abbia piena conoscenza di questi Termini, che siano chiari per te e che tu li accetti. Se non sei d&#8217;accordo con essi, ti preghiamo di non accedere al sito web e di non utilizzarne i contenuti. In caso di domande o ambiguit\u00e0 relative ai Termini di utilizzo, contattare il nostro indirizzo e-mail: <a href=\"mailto:info@inkasset.com\">info@inkasset.com<\/a><\/p>\n<p>Ci riserviamo il diritto di modificare l&#8217;aspetto e il contenuto del sito Web e i Termini di utilizzo di Stack esi prega di rivederli di tanto in tanto per familiarizzare con le possibili modifiche. Considereremo il tuo successivo utilizzo del sito web come accettazione di eventuali modifiche.<\/p>\n<h3>Cookie<\/h3>\n<p>I cookie sono piccoli file che vengono memorizzati su un computer o dispositivo mobile quando visitiamo un sito web. I cookie consentono al sito web di &#8220;ricordare&#8221; le attivit\u00e0 o le impostazioni del visitatore nelle visite precedenti, in modo che possano essere applicate automaticamente alla visita successiva. In questo modo il sito gi\u00e0 &#8220;sa&#8221; che sei gi\u00e0 stato qui e in alcuni casi aggiusta ci\u00f2 che vedi sullo schermo. I cookie vengono spesso utilizzati per ricordare specifiche preferenze dell&#8217;utente, per facilitare l&#8217;inserimento di informazioni che sono gi\u00e0 state inserite durante le visite precedenti. <a href=\"https:\/\/www.inkasset.com\/it\/\">www.inkasset.com<\/a> utilizza i cosiddetti cookie, un insieme di dati che fungono da identificatore individuale anonimo, in modo che il sito web lo invia al tuo browser e lo memorizza sul tuo computer. I cookie vengono utilizzati per il funzionamento di tutte le funzionalit\u00e0 del sito Web e una migliore esperienza utente.<\/p>\n<p>Inoltre dividiamo i cookie in cookie di prime parti e cookie di terze parti. I cookie proprietari provengono dal sito Web in cui ti trovi attualmente, mentre i cookie di terze parti provengono tramite annunci pubblicitari o servizi esterni di altri siti Web. I cookie di prima parte vengono utilizzati, oltre al corretto funzionamento dei siti web, per il monitoraggio statistico delle attivit\u00e0 sul sito web. I dati raccolti a questo scopo includono l&#8217;indirizzo IP dell&#8217;utente, informazioni sul browser, sulla lingua, sul sistema operativo e altri dati statistici standard che vengono raccolti e analizzati esclusivamente in forma anonima e collettiva. I cookie di terze parti vengono spesso utilizzati dalle reti pubblicitarie per analizzare il comportamento degli utenti su vari siti web. Lo scopo dell&#8217;analisi \u00e8 la profilazione dell&#8217;utente in base a dati demografici, interessi, ecc., che viene spesso utilizzata per scopi pubblicitari<\/p>\n<h3>Come funzionano effettivamente i cookie?<\/h3>\n<p>I cookie memorizzano informazioni sotto forma di coppie &#8220;chiave&#8221; e &#8220;valore&#8221; all&#8217;interno di file di testo.<\/p>\n<p>Quando si accede al sito web, i cookie <a href=\"https:\/\/www.inkasset.com\/it\/\">www.inkasset.com<\/a> identificano i parametri del browser, ma non gli utenti stessi. In breve, la finalit\u00e0 dei cookie \u00e8 benevola, non sono dannosi, non possono trasportare virus e consentono una migliore esperienza di navigazione.<\/p>\n<p>Se non acconsenti all&#8217;utilizzo dei cookie, puoi facilmente eliminarli (o impedirli) sul tuo computer utilizzando le impostazioni del browser che stai utilizzando. Maggiori informazioni sulla gestione dei cookie sono disponibili nelle pagine del browser che stai utilizzando o all&#8217;indirizzo <a href=\"http:\/\/www.allaboutcookies.org\">www.allaboutcookies.org<\/a>.<\/p>\n<p>Poich\u00e9 lo scopo dei cookie \u00e8 migliorare e consentire all&#8217;utente la migliore esperienza possibile nell&#8217;utilizzo del nostro sito Web e dei suoi processi nell&#8217;intero ambito delle loro funzionalit\u00e0, tieni presente che impedendo o eliminando i cookie, potresti disabilitare la funzionalit\u00e0 delle funzionalit\u00e0 del sito Web o causare un funzionamento e aspetto diversi nel tuo browser.<\/p>\n<h3>Statistiche<\/h3>\n<p>Il sito web <a href=\"https:\/\/www.inkasset.com\/it\/\">www.inkasset.com<\/a> utilizza lo strumento Google Analytics per il monitoraggio statistico dell&#8217;attivit\u00e0 degli utenti. L&#8217;attivit\u00e0 dell&#8217;utente viene monitorata per garantire il corretto funzionamento del sito Web e con l&#8217;obiettivo di migliorare il sito e migliorare l&#8217;esperienza dell&#8217;utente. Google Analytics non consente l&#8217;identificazione dell&#8217;utente, sebbene elabori alcuni tipi di dati privati \u200b\u200bcome l&#8217;indirizzo IP. Ci\u00f2 \u00e8 ottenuto mediante tecniche di aggregazione e anonimizzazione dei dati come il mascheramento dell&#8217;indirizzo IP.<\/p>\n<p>Informazioni dettagliate su questo servizio e sui cookie che utilizza, nonch\u00e9 sulle possibilit\u00e0 offerte agli utenti di regolare il monitoraggio della propria attivit\u00e0, sono disponibili all&#8217;indirizzo: <a href=\"https:\/\/www.google.com\/analytics\/learn \/privacy.html\">https:\/\/www.google.com\/analytics\/learn\/privacy.html<\/a>.<\/p>\n","protected":false},"excerpt":{"rendered":"<p>1. Informazioni generali La presente Informativa sulla privacy (di seguito:&#8230;<\/p>\n","protected":false},"author":2,"featured_media":0,"parent":0,"menu_order":0,"comment_status":"closed","ping_status":"closed","template":"","meta":{"_acf_changed":false,"footnotes":""},"class_list":["post-189","page","type-page","status-publish","hentry"],"acf":[],"yoast_head":"<!-- This site is optimized with the Yoast SEO plugin v22.4 - https:\/\/yoast.com\/wordpress\/plugins\/seo\/ -->\n<title>Politica sulla riservatezza - INKASSET<\/title>\n<meta name=\"robots\" content=\"index, follow, max-snippet:-1, max-image-preview:large, max-video-preview:-1\" \/>\n<link rel=\"canonical\" href=\"https:\/\/www.inkasset.com\/it\/politica-sulla-riservatezza\/\" \/>\n<meta property=\"og:locale\" content=\"it_IT\" \/>\n<meta property=\"og:type\" content=\"article\" \/>\n<meta property=\"og:title\" content=\"Politica sulla riservatezza - INKASSET\" \/>\n<meta property=\"og:description\" content=\"1. Informazioni generali La presente Informativa sulla privacy (di seguito:...\" \/>\n<meta property=\"og:url\" content=\"https:\/\/www.inkasset.com\/it\/politica-sulla-riservatezza\/\" \/>\n<meta property=\"og:site_name\" content=\"INKASSET\" \/>\n<meta property=\"article:modified_time\" content=\"2024-04-11T14:12:11+00:00\" \/>\n<meta property=\"og:image\" content=\"https:\/\/www.inkasset.com\/wp-content\/uploads\/2024\/04\/inkasset-og.png\" \/>\n\t<meta property=\"og:image:width\" content=\"1200\" \/>\n\t<meta property=\"og:image:height\" content=\"675\" \/>\n\t<meta property=\"og:image:type\" content=\"image\/png\" \/>\n<meta name=\"twitter:card\" content=\"summary_large_image\" \/>\n<meta name=\"twitter:label1\" content=\"Tempo di lettura stimato\" \/>\n\t<meta name=\"twitter:data1\" content=\"6 minuti\" \/>\n<script type=\"application\/ld+json\" class=\"yoast-schema-graph\">{\"@context\":\"https:\/\/schema.org\",\"@graph\":[{\"@type\":\"WebPage\",\"@id\":\"https:\/\/www.inkasset.com\/it\/politica-sulla-riservatezza\/\",\"url\":\"https:\/\/www.inkasset.com\/it\/politica-sulla-riservatezza\/\",\"name\":\"Politica sulla riservatezza - INKASSET\",\"isPartOf\":{\"@id\":\"https:\/\/www.inkasset.com\/it\/#website\"},\"datePublished\":\"2024-04-09T08:37:30+00:00\",\"dateModified\":\"2024-04-11T14:12:11+00:00\",\"breadcrumb\":{\"@id\":\"https:\/\/www.inkasset.com\/it\/politica-sulla-riservatezza\/#breadcrumb\"},\"inLanguage\":\"it-IT\",\"potentialAction\":[{\"@type\":\"ReadAction\",\"target\":[\"https:\/\/www.inkasset.com\/it\/politica-sulla-riservatezza\/\"]}]},{\"@type\":\"BreadcrumbList\",\"@id\":\"https:\/\/www.inkasset.com\/it\/politica-sulla-riservatezza\/#breadcrumb\",\"itemListElement\":[{\"@type\":\"ListItem\",\"position\":1,\"name\":\"Home\",\"item\":\"https:\/\/www.inkasset.com\/it\/\"},{\"@type\":\"ListItem\",\"position\":2,\"name\":\"Politica sulla riservatezza\"}]},{\"@type\":\"WebSite\",\"@id\":\"https:\/\/www.inkasset.com\/it\/#website\",\"url\":\"https:\/\/www.inkasset.com\/it\/\",\"name\":\"INKASSET\",\"description\":\"ATM Protection system\",\"publisher\":{\"@id\":\"https:\/\/www.inkasset.com\/it\/#organization\"},\"potentialAction\":[{\"@type\":\"SearchAction\",\"target\":{\"@type\":\"EntryPoint\",\"urlTemplate\":\"https:\/\/www.inkasset.com\/it\/?s={search_term_string}\"},\"query-input\":\"required name=search_term_string\"}],\"inLanguage\":\"it-IT\"},{\"@type\":\"Organization\",\"@id\":\"https:\/\/www.inkasset.com\/it\/#organization\",\"name\":\"INKASSET\",\"url\":\"https:\/\/www.inkasset.com\/it\/\",\"logo\":{\"@type\":\"ImageObject\",\"inLanguage\":\"it-IT\",\"@id\":\"https:\/\/www.inkasset.com\/it\/#\/schema\/logo\/image\/\",\"url\":\"https:\/\/www.inkasset.com\/wp-content\/uploads\/2024\/04\/inkasset_logo.jpg\",\"contentUrl\":\"https:\/\/www.inkasset.com\/wp-content\/uploads\/2024\/04\/inkasset_logo.jpg\",\"width\":579,\"height\":151,\"caption\":\"INKASSET\"},\"image\":{\"@id\":\"https:\/\/www.inkasset.com\/it\/#\/schema\/logo\/image\/\"}}]}<\/script>\n<!-- \/ Yoast SEO plugin. -->","yoast_head_json":{"title":"Politica sulla riservatezza - INKASSET","robots":{"index":"index","follow":"follow","max-snippet":"max-snippet:-1","max-image-preview":"max-image-preview:large","max-video-preview":"max-video-preview:-1"},"canonical":"https:\/\/www.inkasset.com\/it\/politica-sulla-riservatezza\/","og_locale":"it_IT","og_type":"article","og_title":"Politica sulla riservatezza - INKASSET","og_description":"1. Informazioni generali La presente Informativa sulla privacy (di seguito:...","og_url":"https:\/\/www.inkasset.com\/it\/politica-sulla-riservatezza\/","og_site_name":"INKASSET","article_modified_time":"2024-04-11T14:12:11+00:00","og_image":[{"width":1200,"height":675,"url":"https:\/\/www.inkasset.com\/wp-content\/uploads\/2024\/04\/inkasset-og.png","type":"image\/png"}],"twitter_card":"summary_large_image","twitter_misc":{"Tempo di lettura stimato":"6 minuti"},"schema":{"@context":"https:\/\/schema.org","@graph":[{"@type":"WebPage","@id":"https:\/\/www.inkasset.com\/it\/politica-sulla-riservatezza\/","url":"https:\/\/www.inkasset.com\/it\/politica-sulla-riservatezza\/","name":"Politica sulla riservatezza - INKASSET","isPartOf":{"@id":"https:\/\/www.inkasset.com\/it\/#website"},"datePublished":"2024-04-09T08:37:30+00:00","dateModified":"2024-04-11T14:12:11+00:00","breadcrumb":{"@id":"https:\/\/www.inkasset.com\/it\/politica-sulla-riservatezza\/#breadcrumb"},"inLanguage":"it-IT","potentialAction":[{"@type":"ReadAction","target":["https:\/\/www.inkasset.com\/it\/politica-sulla-riservatezza\/"]}]},{"@type":"BreadcrumbList","@id":"https:\/\/www.inkasset.com\/it\/politica-sulla-riservatezza\/#breadcrumb","itemListElement":[{"@type":"ListItem","position":1,"name":"Home","item":"https:\/\/www.inkasset.com\/it\/"},{"@type":"ListItem","position":2,"name":"Politica sulla riservatezza"}]},{"@type":"WebSite","@id":"https:\/\/www.inkasset.com\/it\/#website","url":"https:\/\/www.inkasset.com\/it\/","name":"INKASSET","description":"ATM Protection system","publisher":{"@id":"https:\/\/www.inkasset.com\/it\/#organization"},"potentialAction":[{"@type":"SearchAction","target":{"@type":"EntryPoint","urlTemplate":"https:\/\/www.inkasset.com\/it\/?s={search_term_string}"},"query-input":"required name=search_term_string"}],"inLanguage":"it-IT"},{"@type":"Organization","@id":"https:\/\/www.inkasset.com\/it\/#organization","name":"INKASSET","url":"https:\/\/www.inkasset.com\/it\/","logo":{"@type":"ImageObject","inLanguage":"it-IT","@id":"https:\/\/www.inkasset.com\/it\/#\/schema\/logo\/image\/","url":"https:\/\/www.inkasset.com\/wp-content\/uploads\/2024\/04\/inkasset_logo.jpg","contentUrl":"https:\/\/www.inkasset.com\/wp-content\/uploads\/2024\/04\/inkasset_logo.jpg","width":579,"height":151,"caption":"INKASSET"},"image":{"@id":"https:\/\/www.inkasset.com\/it\/#\/schema\/logo\/image\/"}}]}},"_links":{"self":[{"href":"https:\/\/www.inkasset.com\/it\/wp-json\/wp\/v2\/pages\/189","targetHints":{"allow":["GET"]}}],"collection":[{"href":"https:\/\/www.inkasset.com\/it\/wp-json\/wp\/v2\/pages"}],"about":[{"href":"https:\/\/www.inkasset.com\/it\/wp-json\/wp\/v2\/types\/page"}],"author":[{"embeddable":true,"href":"https:\/\/www.inkasset.com\/it\/wp-json\/wp\/v2\/users\/2"}],"replies":[{"embeddable":true,"href":"https:\/\/www.inkasset.com\/it\/wp-json\/wp\/v2\/comments?post=189"}],"version-history":[{"count":3,"href":"https:\/\/www.inkasset.com\/it\/wp-json\/wp\/v2\/pages\/189\/revisions"}],"predecessor-version":[{"id":197,"href":"https:\/\/www.inkasset.com\/it\/wp-json\/wp\/v2\/pages\/189\/revisions\/197"}],"wp:attachment":[{"href":"https:\/\/www.inkasset.com\/it\/wp-json\/wp\/v2\/media?parent=189"}],"curies":[{"name":"wp","href":"https:\/\/api.w.org\/{rel}","templated":true}]}}